{"id":12,"date":"2016-08-04T08:18:26","date_gmt":"2016-08-04T08:18:26","guid":{"rendered":"https:\/\/avadawebsites.wpengine.com\/sports\/?page_id=12"},"modified":"2026-01-20T20:18:26","modified_gmt":"2026-01-20T20:18:26","slug":"coaching","status":"publish","type":"page","link":"https:\/\/tibit.si\/en\/coaching\/","title":{"rendered":"Coaching"},"content":{"rendered":"<p><div class=\"fusion-fullwidth fullwidth-box fusion-builder-row-1 fusion-flex-container fusion-parallax-none nonhundred-percent-fullwidth non-hundred-percent-height-scrolling lazyload\" style=\"--awb-border-sizes-top:0px;--awb-border-sizes-bottom:0px;--awb-border-sizes-left:0px;--awb-border-sizes-right:0px;--awb-border-radius-top-left:0px;--awb-border-radius-top-right:0px;--awb-border-radius-bottom-right:0px;--awb-border-radius-bottom-left:0px;--awb-padding-top:5%;--awb-padding-bottom:6%;--awb-background-size:cover;--awb-flex-wrap:wrap;\" data-bg=\"https:\/\/tibit.si\/wp-content\/uploads\/2018\/06\/slider-new.jpg\" ><div class=\"fusion-builder-row fusion-row fusion-flex-align-items-flex-start fusion-flex-justify-content-center fusion-flex-content-wrap\" style=\"max-width:calc( 1170px + 0px );margin-left: calc(-0px \/ 2 );margin-right: calc(-0px \/ 2 );\"><div class=\"fusion-layout-column fusion_builder_column fusion-builder-column-0 fusion_builder_column_1_1 1_1 fusion-flex-column\" style=\"--awb-bg-size:cover;--awb-width-large:100%;--awb-margin-top-large:15px;--awb-spacing-right-large:0px;--awb-margin-bottom-large:15px;--awb-spacing-left-large:0px;--awb-width-medium:100%;--awb-order-medium:0;--awb-spacing-right-medium:0px;--awb-spacing-left-medium:0px;--awb-width-small:100%;--awb-order-small:0;--awb-spacing-right-small:0px;--awb-spacing-left-small:0px;\"><div class=\"fusion-column-wrapper fusion-column-has-shadow fusion-flex-justify-content-flex-start fusion-content-layout-column\"><i class=\"fb-icon-element-1 fb-icon-element fontawesome-icon fa-star fas circle-no\" style=\"--awb-font-size:18px;--awb-margin-top:0;--awb-margin-right:0;--awb-margin-bottom:0;--awb-margin-left:0;--awb-align-self:center;\"><\/i><div class=\"fusion-text fusion-text-1\"><p data-fusion-font=\"true\" style=\"text-align: center; font-size: 28px; color: var(--awb-color1);\">Imate \u017eelje, cilje, sanje, vizijo?<\/p>\n<\/div><i class=\"fb-icon-element-2 fb-icon-element fontawesome-icon fa-star fas circle-no\" style=\"--awb-font-size:18px;--awb-margin-top:0;--awb-margin-right:0;--awb-margin-bottom:0;--awb-margin-left:0;--awb-align-self:center;\"><\/i><div class=\"fusion-text fusion-text-2\"><p style=\"text-align: center; \"><span style=\"color: var(--awb-color1); font-size: 28px;\" data-fusion-font=\"true\">Vsak cilj je hitreje dosegljiv in vsaka vizija je la\u017eje uresni\u010dljiva \u010de imamo ob sebi vodjo.<\/span><\/p>\n<\/div><\/div><\/div><\/div><\/div><div class=\"fusion-fullwidth fullwidth-box fusion-builder-row-2 fusion-flex-container nonhundred-percent-fullwidth non-hundred-percent-height-scrolling\" style=\"--awb-border-radius-top-left:0px;--awb-border-radius-top-right:0px;--awb-border-radius-bottom-right:0px;--awb-border-radius-bottom-left:0px;--awb-padding-top:30px;--awb-padding-bottom:5%;--awb-background-color:var(--awb-color2);--awb-flex-wrap:wrap;\" ><div class=\"fusion-builder-row fusion-row fusion-flex-align-items-flex-start fusion-flex-content-wrap\" style=\"max-width:1216.8px;margin-left: calc(-4% \/ 2 );margin-right: calc(-4% \/ 2 );\"><div class=\"fusion-layout-column fusion_builder_column fusion-builder-column-1 fusion_builder_column_1_1 1_1 fusion-flex-column\" style=\"--awb-bg-size:cover;--awb-width-large:100%;--awb-margin-top-large:15px;--awb-spacing-right-large:1.92%;--awb-margin-bottom-large:15px;--awb-spacing-left-large:1.92%;--awb-width-medium:100%;--awb-order-medium:0;--awb-spacing-right-medium:1.92%;--awb-spacing-left-medium:1.92%;--awb-width-small:100%;--awb-order-small:0;--awb-spacing-right-small:1.92%;--awb-spacing-left-small:1.92%;\"><div class=\"fusion-column-wrapper fusion-column-has-shadow fusion-flex-justify-content-flex-start fusion-content-layout-column\"><div class=\"fusion-title title fusion-title-1 fusion-sep-none fusion-title-text fusion-title-size-three\" style=\"--awb-margin-top-small:0px;--awb-margin-right-small:0px;--awb-margin-bottom-small:20px;--awb-margin-left-small:0px;\"><h3 class=\"fusion-title-heading title-heading-left fusion-responsive-typography-calculated\" style=\"margin:0;text-transform:uppercase;--fontSize:61.2;line-height:1;\"><div style=\"text-align: center;\"><span style=\"background-color: rgba(0, 0, 0, 0); font-size: 1em;\">osebni coaching<\/span><\/div><\/h3><\/div><div class=\"fusion-text fusion-text-3\"><p style=\"text-align: center; \">Osebni coaching je individualni pristop, kjer vas mentorji popeljemo do klju\u010dnih odgovorov in spoznanj glede va\u0161ih \u017eelja in ciljev. <span style=\"background-color: rgba(0, 0, 0, 0);\">V procesu coachinga vam  pomagamo vzpostaviti in poglobiti stik s samim sabo, pogledati na situacijo iz \u0161ir\u0161e perspektive, prepoznati, odpraviti in zmanj\u0161ati ovire, aktivirati in okrepiti va\u0161e zmo\u017enosti ter izraziti va\u0161e potenciale za \u017eeleni uspeh. Vodimo vas, da sami pridete do re\u0161itev, ki so za vas najbolj\u0161e. Nau\u010dimo in pomagamo vam, kako verjeti vase in v svoje cilje, kako pove\u010dati u\u010dinkovitost in samozavest ter kako biti bolj pogumni, odlo\u010dni, vztraj<\/span><span style=\"background-color: rgba(0, 0, 0, 0);\">ni in potrpe\u017eljivi. Ker VSE SE DA,<\/span><span style=\"background-color: rgba(0, 0, 0, 0);\"> \u010de si dovolj mo\u010dno \u017eelimo in smo se pripravljeni u\u010diti, rasti in razvijati. <\/span><\/p>\n<p style=\"text-align: center; \">Proces coachinga zajama naslednje teme:<\/p>\n<\/div><i class=\"fb-icon-element-3 fb-icon-element fontawesome-icon fa-star fas circle-no\" style=\"--awb-iconcolor:var(--awb-custom_color_4);--awb-iconcolor-hover:var(--awb-custom_color_4);--awb-font-size:18px;--awb-margin-top:0;--awb-margin-right:0;--awb-margin-bottom:0;--awb-margin-left:0;--awb-align-self:center;\"><\/i><div class=\"fusion-text fusion-text-4\"><p style=\"text-align: center; \"><b>Moje vrednote. <\/b><br \/><span style=\"background-color: rgba(0, 0, 0, 0);\">Kdo sem?<\/span><\/p>\n<\/div><i class=\"fb-icon-element-4 fb-icon-element fontawesome-icon fa-star fas circle-no\" style=\"--awb-iconcolor:var(--awb-custom_color_4);--awb-iconcolor-hover:var(--awb-custom_color_4);--awb-font-size:18px;--awb-margin-top:0;--awb-margin-right:0;--awb-margin-bottom:0;--awb-margin-left:0;--awb-align-self:center;\"><\/i><div class=\"fusion-text fusion-text-5\"><p style=\"text-align: center; \"><b>Analiza stanja.<br \/><\/b><span style=\"background-color: rgba(0, 0, 0, 0);\">Kako sem?<\/span><\/p>\n<\/div><i class=\"fb-icon-element-5 fb-icon-element fontawesome-icon fa-star fas circle-no\" style=\"--awb-iconcolor:var(--awb-custom_color_4);--awb-iconcolor-hover:var(--awb-custom_color_4);--awb-font-size:18px;--awb-margin-top:0;--awb-margin-right:0;--awb-margin-bottom:0;--awb-margin-left:0;--awb-align-self:center;\"><\/i><div class=\"fusion-text fusion-text-6\"><p style=\"text-align: center; \"><span style=\"background-color: rgba(0, 0, 0, 0);\"><b>Postavitev ciljev.<\/b><br \/> Kaj si \u017eelim?<\/span><\/p>\n<\/div><i class=\"fb-icon-element-6 fb-icon-element fontawesome-icon fa-star fas circle-no\" style=\"--awb-iconcolor:var(--awb-custom_color_4);--awb-iconcolor-hover:var(--awb-custom_color_4);--awb-font-size:18px;--awb-margin-top:0;--awb-margin-right:0;--awb-margin-bottom:0;--awb-margin-left:0;--awb-align-self:center;\"><\/i><div class=\"fusion-text fusion-text-7\"><p style=\"text-align: center; \"><b>Oblikovanje programa za uresni\u010ditev cilja.<\/b><br \/>Kako do cilja?<\/p>\n<\/div><i class=\"fb-icon-element-7 fb-icon-element fontawesome-icon fa-star fas circle-no\" style=\"--awb-iconcolor:var(--awb-custom_color_4);--awb-iconcolor-hover:var(--awb-custom_color_4);--awb-font-size:18px;--awb-margin-top:0;--awb-margin-right:0;--awb-margin-bottom:0;--awb-margin-left:0;--awb-align-self:center;\"><\/i><div class=\"fusion-text fusion-text-8\"><p style=\"text-align: center; \"><b>Ovire na poti.<\/b><br \/>Kako se soo\u010dam z izzivi?<\/p>\n<\/div><i class=\"fb-icon-element-8 fb-icon-element fontawesome-icon fa-star fas circle-no\" style=\"--awb-iconcolor:var(--awb-custom_color_4);--awb-iconcolor-hover:var(--awb-custom_color_4);--awb-font-size:18px;--awb-margin-top:0;--awb-margin-right:0;--awb-margin-bottom:0;--awb-margin-left:0;--awb-align-self:center;\"><\/i><div class=\"fusion-text fusion-text-9\"><p style=\"text-align: center; \"><span style=\"color: rgb(123, 131, 139);\"><b>Iskanje re\u0161itev.<\/b><\/span><br \/>Kak\u0161ne so mo\u017enosti?<\/p>\n<\/div><i class=\"fb-icon-element-9 fb-icon-element fontawesome-icon fa-star fas circle-no\" style=\"--awb-iconcolor:var(--awb-custom_color_4);--awb-iconcolor-hover:var(--awb-custom_color_4);--awb-font-size:18px;--awb-margin-top:0;--awb-margin-right:0;--awb-margin-bottom:0;--awb-margin-left:0;--awb-align-self:center;\"><\/i><div class=\"fusion-text fusion-text-10\"><p style=\"text-align: center; \"><b>Sr\u010dno do cilja.<\/b><br \/>Kako izra\u017eam svoj najbolj\u0161i potencial?<\/p>\n<\/div><\/div><\/div><\/div><\/div><div class=\"fusion-fullwidth fullwidth-box fusion-builder-row-3 fusion-flex-container fusion-parallax-none nonhundred-percent-fullwidth non-hundred-percent-height-scrolling lazyload\" style=\"--awb-border-sizes-top:0px;--awb-border-sizes-bottom:0px;--awb-border-sizes-left:0px;--awb-border-sizes-right:0px;--awb-border-radius-top-left:0px;--awb-border-radius-top-right:0px;--awb-border-radius-bottom-right:0px;--awb-border-radius-bottom-left:0px;--awb-padding-top:0px;--awb-padding-bottom:5%;--awb-background-size:cover;--awb-flex-wrap:wrap;\" data-bg=\"https:\/\/tibit.si\/wp-content\/uploads\/2016\/07\/CTA.jpg\" ><div class=\"fusion-builder-row fusion-row fusion-flex-align-items-flex-start fusion-flex-justify-content-center fusion-flex-content-wrap\" style=\"max-width:calc( 1170px + 0px );margin-left: calc(-0px \/ 2 );margin-right: calc(-0px \/ 2 );\"><div class=\"fusion-layout-column fusion_builder_column fusion-builder-column-2 fusion_builder_column_1_1 1_1 fusion-flex-column fusion-flex-align-self-flex-start fusion-column-no-min-height\" style=\"--awb-bg-blend:overlay;--awb-bg-size:cover;--awb-width-large:100%;--awb-margin-top-large:0px;--awb-spacing-right-large:0px;--awb-margin-bottom-large:7%;--awb-spacing-left-large:0px;--awb-width-medium:100%;--awb-spacing-right-medium:0px;--awb-spacing-left-medium:0px;--awb-width-small:100%;--awb-spacing-right-small:0px;--awb-spacing-left-small:0px;\"><div class=\"fusion-column-wrapper fusion-flex-justify-content-flex-start fusion-content-layout-column\"><div class=\"fusion-section-separator section-separator bigtriangle fusion-section-separator-1\" style=\"--awb-spacer-height:99px;--awb-svg-margin-left:0px;--awb-svg-margin-right:0px;--awb-svg-margin-left-medium:0px;--awb-svg-margin-right-medium:0px;--awb-svg-margin-left-small:0px;--awb-svg-margin-right-small:0px;--awb-divider-height:99px;--awb-spacer-padding-top:inherit;--awb-sep-padding:0;--awb-svg-padding:0;\"><div class=\"fusion-section-separator-svg\"><svg class=\"fusion-big-triangle-candy\" xmlns=\"http:\/\/www.w3.org\/2000\/svg\" version=\"1.1\" width=\"100%\" height=\"100\" viewbox=\"0 0 100 100\" preserveaspectratio=\"none\" fill=\"rgba(247,247,247,1)\"><path d=\"M-1 -1 L50 99 L101 -1 Z\"><\/path><\/svg><\/div><div class=\"fusion-section-separator-spacer\"><div class=\"fusion-section-separator-spacer-height\"><\/div><\/div><\/div><\/div><\/div><div class=\"fusion-layout-column fusion_builder_column fusion-builder-column-3 fusion_builder_column_3_5 3_5 fusion-flex-column fusion-animated\" style=\"--awb-bg-blend:overlay;--awb-bg-size:cover;--awb-width-large:60%;--awb-margin-top-large:0px;--awb-spacing-right-large:calc( 0 * calc( 100% - 0px ) );--awb-margin-bottom-large:0px;--awb-spacing-left-large:calc( 0 * calc( 100% - 0px ) );--awb-width-medium:100%;--awb-spacing-right-medium:0px;--awb-spacing-left-medium:0px;--awb-width-small:100%;--awb-spacing-right-small:0px;--awb-spacing-left-small:0px;\" data-animationtype=\"fadeIn\" data-animationduration=\"1.0\" data-animationoffset=\"top-into-view\"><div class=\"fusion-column-wrapper fusion-flex-justify-content-flex-start fusion-content-layout-column\"><div class=\"fusion-title title fusion-title-2 fusion-sep-none fusion-title-center fusion-title-text fusion-title-size-two\" style=\"--awb-text-color:var(--awb-color1);--awb-margin-top-small:0px;--awb-margin-right-small:0px;--awb-margin-bottom-small:20px;--awb-margin-left-small:0px;--awb-font-size:2em;\"><h2 class=\"fusion-title-heading title-heading-center fusion-responsive-typography-calculated\" style=\"margin:0;text-transform:var(--awb-typography1-text-transform);font-size:1em;--fontSize:36;line-height:1;\">po\u0161lji povpra\u0161evanje<\/h2><\/div><div class=\"fusion-text fusion-text-11\"><p style=\"text-align: center; color: var(--awb-color1);\">Za vpra\u0161anja, termine in ponudbo me kontaktirajte.<\/p>\n<\/div><div class=\"fusion-text fusion-text-12\" style=\"--awb-content-alignment:center;--awb-text-color:var(--awb-color1);\"><\/div><div class=\"fusion-form fusion-form-builder fusion-form-form-wrapper fusion-form-1264\" style=\"--awb-tooltip-text-color:var(--awb-color8);--awb-tooltip-background-color:#333333;\" data-form-id=\"1264\" data-config=\"{&quot;form_id&quot;:&quot;1264&quot;,&quot;form_post_id&quot;:&quot;1264&quot;,&quot;post_id&quot;:12,&quot;form_type&quot;:&quot;ajax&quot;,&quot;confirmation_type&quot;:&quot;message&quot;,&quot;redirect_url&quot;:&quot;&quot;,&quot;redirect_timeout&quot;:&quot;0&quot;,&quot;field_labels&quot;:{&quot;&quot;:&quot;&quot;,&quot;E-naslov&quot;:&quot;&quot;,&quot;Sporo\\u010dilo&quot;:&quot;&quot;},&quot;field_logics&quot;:{&quot;&quot;:&quot;&quot;,&quot;E-naslov&quot;:&quot;&quot;,&quot;Sporo\\u010dilo&quot;:&quot;&quot;,&quot;submit_1&quot;:&quot;&quot;,&quot;notice_1&quot;:&quot;&quot;},&quot;field_types&quot;:{&quot;&quot;:&quot;text&quot;,&quot;E-naslov&quot;:&quot;email&quot;,&quot;Sporo\\u010dilo&quot;:&quot;text&quot;,&quot;submit_1&quot;:&quot;submit&quot;,&quot;notice_1&quot;:&quot;notice&quot;},&quot;nonce_method&quot;:&quot;ajax&quot;,&quot;form_views&quot;:&quot;&quot;,&quot;form_views_counting&quot;:&quot;&quot;}\"><form action=\"https:\/\/tibit.si\/en\/coaching\/\" method=\"post\" class=\"fusion-form fusion-form-1264\" data-trp-original-action=\"https:\/\/tibit.si\/en\/coaching\/\"><div class=\"fusion-fullwidth fullwidth-box fusion-builder-row-3-1 fusion-flex-container nonhundred-percent-fullwidth non-hundred-percent-height-scrolling\" style=\"--awb-border-radius-top-left:0px;--awb-border-radius-top-right:0px;--awb-border-radius-bottom-right:0px;--awb-border-radius-bottom-left:0px;--awb-flex-wrap:wrap;\" ><div class=\"fusion-builder-row fusion-row fusion-flex-align-items-flex-start fusion-flex-content-wrap\" style=\"width:104% !important;max-width:104% !important;margin-left: calc(-4% \/ 2 );margin-right: calc(-4% \/ 2 );\"><div class=\"fusion-layout-column fusion_builder_column fusion-builder-column-4 fusion_builder_column_1_1 1_1 fusion-flex-column\" style=\"--awb-bg-size:cover;--awb-width-large:100%;--awb-flex-grow:0;--awb-flex-shrink:0;--awb-margin-top-large:0px;--awb-spacing-right-large:1.92%;--awb-margin-bottom-large:0px;--awb-spacing-left-large:1.92%;--awb-width-medium:100%;--awb-order-medium:0;--awb-flex-grow-medium:0;--awb-flex-shrink-medium:0;--awb-spacing-right-medium:1.92%;--awb-spacing-left-medium:1.92%;--awb-width-small:100%;--awb-order-small:0;--awb-flex-grow-small:0;--awb-flex-shrink-small:0;--awb-spacing-right-small:1.92%;--awb-spacing-left-small:1.92%;\" data-scroll-devices=\"small-visibility,medium-visibility,large-visibility\"><div class=\"fusion-column-wrapper fusion-column-has-shadow fusion-flex-justify-content-flex-start fusion-content-layout-column\"><div class=\"fusion-form-field fusion-form-text-field fusion-form-label-above\" style=\"\" data-form-id=\"1264\"><input type=\"text\" autocomplete=\"off\" name=\"\" id=\"\" value=\"\"  class=\"fusion-form-input\" required=\"true\" aria-required=\"true\" placeholder=\"Organizacija *\" data-holds-private-data=\"false\" minlength=\"0\"\/><\/div><div class=\"fusion-form-field fusion-form-email-field fusion-form-label-above\" style=\"\" data-form-id=\"1264\"><input type=\"email\" autocomplete=\"off\" name=\"E-naslov\" id=\"E-naslov\" value=\"\"  class=\"fusion-form-input\" required=\"true\" aria-required=\"true\" placeholder=\"E-naslov *\" data-holds-private-data=\"false\"\/><\/div><div class=\"fusion-form-field fusion-form-text-field fusion-form-label-above\" style=\"\" data-form-id=\"1264\"><input type=\"text\" autocomplete=\"off\" name=\"Sporo\u010dilo\" id=\"Sporo\u010dilo\" value=\"\"  class=\"fusion-form-input\" required=\"true\" aria-required=\"true\" placeholder=\"Sporo\u010dilo *\" data-holds-private-data=\"false\" minlength=\"0\"\/><\/div><div class=\"fusion-form-field fusion-form-submit-field fusion-form-label-above\" style=\"\" data-form-id=\"1264\"><div style=\"text-align:center;\"><button type=\"submit\" class=\"fusion-button button-flat fusion-button-default-size button-default fusion-button-default button-1 fusion-button-default-span  button-default form-form-submit\" style=\"--button_margin-bottom:30px;\" data-form-number=\"1264\" tabindex=\"\"><span class=\"fusion-button-text awb-button__text awb-button__text--default\">Po\u0161ljite povpra\u0161evanje<\/span><\/button><\/div><\/div><div class=\"form-submission-notices data-notice_1\" id=\"fusion-notices-1\" data-instance=\"1\"><div class=\"fusion-alert alert success alert-success fusion-alert-center fusion-form-response fusion-form-response-success fusion-alert-capitalize awb-alert-native-link-color alert-dismissable awb-alert-close-boxed\" role=\"alert\"><div class=\"fusion-alert-content-wrapper\"><span class=\"alert-icon\"><i class=\"awb-icon-check-circle\" aria-hidden=\"true\"><\/i><\/span><span class=\"fusion-alert-content\">Thank you for your message. It has been sent.<\/span><\/div><button type=\"button\" class=\"close toggle-alert\" data-dismiss=\"alert\" aria-label=\"Close\">&times;<\/button><\/div><div class=\"fusion-alert alert error alert-danger fusion-alert-center fusion-form-response fusion-form-response-error fusion-alert-capitalize awb-alert-native-link-color alert-dismissable awb-alert-close-boxed\" role=\"alert\"><div class=\"fusion-alert-content-wrapper\"><span class=\"alert-icon\"><i class=\"awb-icon-exclamation-triangle\" aria-hidden=\"true\"><\/i><\/span><span class=\"fusion-alert-content\">There was an error trying to send your message. Please try again later.<\/span><\/div><button type=\"button\" class=\"close toggle-alert\" data-dismiss=\"alert\" aria-label=\"Close\">&times;<\/button><\/div><\/div><\/div><\/div><\/div><\/div><input type=\"hidden\" name=\"trp-form-language\" value=\"en\"\/><\/form><\/div><\/div><\/div><\/div><\/div><\/p>","protected":false},"excerpt":{"rendered":"","protected":false},"author":1,"featured_media":0,"parent":0,"menu_order":0,"comment_status":"closed","ping_status":"closed","template":"100-width.php","meta":{"footnotes":""},"class_list":["post-12","page","type-page","status-publish","hentry"],"yoast_head":"<!-- This site is optimized with the Yoast SEO plugin v27.4 - https:\/\/yoast.com\/product\/yoast-seo-wordpress\/ -->\n<title>Coaching - TIBIT<\/title>\n<meta name=\"description\" content=\"\u017deli\u0161 biti redno aktiven\/na in bi rabila podporo? Pridru\u017ei se 30 minutni 3x tedenski gibalni rutini, ki jo lahko izvaja\u0161 od doma.\" \/>\n<meta name=\"robots\" content=\"index, follow, max-snippet:-1, max-image-preview:large, max-video-preview:-1\" \/>\n<link rel=\"canonical\" href=\"https:\/\/tibit.si\/en\/coaching\/\" \/>\n<meta property=\"og:locale\" content=\"en_US\" \/>\n<meta property=\"og:type\" content=\"article\" \/>\n<meta property=\"og:title\" content=\"Coaching - TIBIT\" \/>\n<meta property=\"og:description\" content=\"\u017deli\u0161 biti redno aktiven\/na in bi rabila podporo? Pridru\u017ei se 30 minutni 3x tedenski gibalni rutini, ki jo lahko izvaja\u0161 od doma.\" \/>\n<meta property=\"og:url\" content=\"https:\/\/tibit.si\/en\/coaching\/\" \/>\n<meta property=\"og:site_name\" content=\"TIBIT\" \/>\n<meta property=\"article:modified_time\" content=\"2026-01-20T20:18:26+00:00\" \/>\n<meta name=\"twitter:card\" content=\"summary_large_image\" \/>\n<meta name=\"twitter:label1\" content=\"Est. reading time\" \/>\n\t<meta name=\"twitter:data1\" content=\"1 minute\" \/>\n<script type=\"application\/ld+json\" class=\"yoast-schema-graph\">{\"@context\":\"https:\\\/\\\/schema.org\",\"@graph\":[{\"@type\":\"WebPage\",\"@id\":\"https:\\\/\\\/tibit.si\\\/coaching\\\/\",\"url\":\"https:\\\/\\\/tibit.si\\\/coaching\\\/\",\"name\":\"Coaching - TIBIT\",\"isPartOf\":{\"@id\":\"https:\\\/\\\/tibit.si\\\/#website\"},\"datePublished\":\"2016-08-04T08:18:26+00:00\",\"dateModified\":\"2026-01-20T20:18:26+00:00\",\"description\":\"\u017deli\u0161 biti redno aktiven\\\/na in bi rabila podporo? Pridru\u017ei se 30 minutni 3x tedenski gibalni rutini, ki jo lahko izvaja\u0161 od doma.\",\"breadcrumb\":{\"@id\":\"https:\\\/\\\/tibit.si\\\/coaching\\\/#breadcrumb\"},\"inLanguage\":\"en-US\",\"potentialAction\":[{\"@type\":\"ReadAction\",\"target\":[\"https:\\\/\\\/tibit.si\\\/coaching\\\/\"]}]},{\"@type\":\"BreadcrumbList\",\"@id\":\"https:\\\/\\\/tibit.si\\\/coaching\\\/#breadcrumb\",\"itemListElement\":[{\"@type\":\"ListItem\",\"position\":1,\"name\":\"Home\",\"item\":\"https:\\\/\\\/tibit.si\\\/\"},{\"@type\":\"ListItem\",\"position\":2,\"name\":\"Coaching\"}]},{\"@type\":\"WebSite\",\"@id\":\"https:\\\/\\\/tibit.si\\\/#website\",\"url\":\"https:\\\/\\\/tibit.si\\\/\",\"name\":\"TIBIT\",\"description\":\"Ti si bit!\",\"potentialAction\":[{\"@type\":\"SearchAction\",\"target\":{\"@type\":\"EntryPoint\",\"urlTemplate\":\"https:\\\/\\\/tibit.si\\\/?s={search_term_string}\"},\"query-input\":{\"@type\":\"PropertyValueSpecification\",\"valueRequired\":true,\"valueName\":\"search_term_string\"}}],\"inLanguage\":\"en-US\"}]}<\/script>\n<!-- \/ Yoast SEO plugin. -->","yoast_head_json":{"title":"Coaching - TIBIT","description":"\u017deli\u0161 biti redno aktiven\/na in bi rabila podporo? Pridru\u017ei se 30 minutni 3x tedenski gibalni rutini, ki jo lahko izvaja\u0161 od doma.","robots":{"index":"index","follow":"follow","max-snippet":"max-snippet:-1","max-image-preview":"max-image-preview:large","max-video-preview":"max-video-preview:-1"},"canonical":"https:\/\/tibit.si\/en\/coaching\/","og_locale":"en_US","og_type":"article","og_title":"Coaching - TIBIT","og_description":"\u017deli\u0161 biti redno aktiven\/na in bi rabila podporo? Pridru\u017ei se 30 minutni 3x tedenski gibalni rutini, ki jo lahko izvaja\u0161 od doma.","og_url":"https:\/\/tibit.si\/en\/coaching\/","og_site_name":"TIBIT","article_modified_time":"2026-01-20T20:18:26+00:00","twitter_card":"summary_large_image","twitter_misc":{"Est. reading time":"1 minute"},"schema":{"@context":"https:\/\/schema.org","@graph":[{"@type":"WebPage","@id":"https:\/\/tibit.si\/coaching\/","url":"https:\/\/tibit.si\/coaching\/","name":"Coaching - TIBIT","isPartOf":{"@id":"https:\/\/tibit.si\/#website"},"datePublished":"2016-08-04T08:18:26+00:00","dateModified":"2026-01-20T20:18:26+00:00","description":"\u017deli\u0161 biti redno aktiven\/na in bi rabila podporo? Pridru\u017ei se 30 minutni 3x tedenski gibalni rutini, ki jo lahko izvaja\u0161 od doma.","breadcrumb":{"@id":"https:\/\/tibit.si\/coaching\/#breadcrumb"},"inLanguage":"en-US","potentialAction":[{"@type":"ReadAction","target":["https:\/\/tibit.si\/coaching\/"]}]},{"@type":"BreadcrumbList","@id":"https:\/\/tibit.si\/coaching\/#breadcrumb","itemListElement":[{"@type":"ListItem","position":1,"name":"Home","item":"https:\/\/tibit.si\/"},{"@type":"ListItem","position":2,"name":"Coaching"}]},{"@type":"WebSite","@id":"https:\/\/tibit.si\/#website","url":"https:\/\/tibit.si\/","name":"TIBIT","description":"Ti si bit!","potentialAction":[{"@type":"SearchAction","target":{"@type":"EntryPoint","urlTemplate":"https:\/\/tibit.si\/?s={search_term_string}"},"query-input":{"@type":"PropertyValueSpecification","valueRequired":true,"valueName":"search_term_string"}}],"inLanguage":"en-US"}]}},"jetpack_sharing_enabled":true,"_links":{"self":[{"href":"https:\/\/tibit.si\/en\/wp-json\/wp\/v2\/pages\/12","targetHints":{"allow":["GET"]}}],"collection":[{"href":"https:\/\/tibit.si\/en\/wp-json\/wp\/v2\/pages"}],"about":[{"href":"https:\/\/tibit.si\/en\/wp-json\/wp\/v2\/types\/page"}],"author":[{"embeddable":true,"href":"https:\/\/tibit.si\/en\/wp-json\/wp\/v2\/users\/1"}],"replies":[{"embeddable":true,"href":"https:\/\/tibit.si\/en\/wp-json\/wp\/v2\/comments?post=12"}],"version-history":[{"count":17,"href":"https:\/\/tibit.si\/en\/wp-json\/wp\/v2\/pages\/12\/revisions"}],"predecessor-version":[{"id":2198,"href":"https:\/\/tibit.si\/en\/wp-json\/wp\/v2\/pages\/12\/revisions\/2198"}],"wp:attachment":[{"href":"https:\/\/tibit.si\/en\/wp-json\/wp\/v2\/media?parent=12"}],"curies":[{"name":"wp","href":"https:\/\/api.w.org\/{rel}","templated":true}]}}