{"id":1687,"date":"2024-09-15T15:22:12","date_gmt":"2024-09-15T15:22:12","guid":{"rendered":"https:\/\/tibit.si\/?page_id=1687"},"modified":"2024-09-15T15:22:12","modified_gmt":"2024-09-15T15:22:12","slug":"vizija","status":"publish","type":"page","link":"https:\/\/tibit.si\/en\/tibit\/vizija\/","title":{"rendered":"VIZIJA"},"content":{"rendered":"<div class=\"fusion-fullwidth fullwidth-box fusion-builder-row-1 fusion-flex-container fusion-parallax-none nonhundred-percent-fullwidth non-hundred-percent-height-scrolling lazyload\" style=\"--awb-border-sizes-top:0px;--awb-border-sizes-bottom:0px;--awb-border-sizes-left:0px;--awb-border-sizes-right:0px;--awb-border-radius-top-left:0px;--awb-border-radius-top-right:0px;--awb-border-radius-bottom-right:0px;--awb-border-radius-bottom-left:0px;--awb-padding-top:5%;--awb-padding-bottom:6%;--awb-background-size:cover;--awb-flex-wrap:wrap;\" data-bg=\"https:\/\/tibit.si\/wp-content\/uploads\/2016\/08\/facilities-banner.jpg\" ><div class=\"fusion-builder-row fusion-row fusion-flex-align-items-flex-start fusion-flex-justify-content-center fusion-flex-content-wrap\" style=\"max-width:calc( 1170px + 0px );margin-left: calc(-0px \/ 2 );margin-right: calc(-0px \/ 2 );\"><div class=\"fusion-layout-column fusion_builder_column fusion-builder-column-0 fusion_builder_column_2_3 2_3 fusion-flex-column fusion-animated\" style=\"--awb-bg-blend:overlay;--awb-bg-size:cover;--awb-width-large:66.666666666667%;--awb-margin-top-large:60px;--awb-spacing-right-large:0px;--awb-margin-bottom-large:60px;--awb-spacing-left-large:0px;--awb-width-medium:75%;--awb-spacing-right-medium:0px;--awb-spacing-left-medium:0px;--awb-width-small:100%;--awb-spacing-right-small:0px;--awb-spacing-left-small:0px;\" data-animationtype=\"fadeInDown\" data-animationduration=\"1.0\" data-animationoffset=\"top-into-view\"><div class=\"fusion-column-wrapper fusion-flex-justify-content-flex-start fusion-content-layout-column\"><div class=\"fusion-image-element\" style=\"text-align:center;--awb-caption-title-font-family:var(--h2_typography-font-family);--awb-caption-title-font-weight:var(--h2_typography-font-weight);--awb-caption-title-font-style:var(--h2_typography-font-style);--awb-caption-title-size:var(--h2_typography-font-size);--awb-caption-title-transform:var(--h2_typography-text-transform);--awb-caption-title-line-height:var(--h2_typography-line-height);--awb-caption-title-letter-spacing:var(--h2_typography-letter-spacing);\"><span class=\"fusion-imageframe imageframe-none imageframe-1 hover-type-none\"><img decoding=\"async\" width=\"300\" height=\"194\" title=\"B_modra_trans\" src=\"https:\/\/tibit.si\/wp-content\/uploads\/2024\/08\/B_modra_trans-e1725007190783.png\" data-orig-src=\"https:\/\/tibit.si\/wp-content\/uploads\/2024\/08\/B_modra_trans-e1725007190783-300x194.png\" alt class=\"lazyload img-responsive wp-image-1597\" srcset=\"data:image\/svg+xml,%3Csvg%20xmlns%3D%27http%3A%2F%2Fwww.w3.org%2F2000%2Fsvg%27%20width%3D%271104%27%20height%3D%27714%27%20viewBox%3D%270%200%201104%20714%27%3E%3Crect%20width%3D%271104%27%20height%3D%27714%27%20fill-opacity%3D%220%22%2F%3E%3C%2Fsvg%3E\" data-srcset=\"https:\/\/tibit.si\/wp-content\/uploads\/2024\/08\/B_modra_trans-e1725007190783-200x129.png 200w, https:\/\/tibit.si\/wp-content\/uploads\/2024\/08\/B_modra_trans-e1725007190783-400x259.png 400w, https:\/\/tibit.si\/wp-content\/uploads\/2024\/08\/B_modra_trans-e1725007190783-600x388.png 600w, https:\/\/tibit.si\/wp-content\/uploads\/2024\/08\/B_modra_trans-e1725007190783-800x517.png 800w, https:\/\/tibit.si\/wp-content\/uploads\/2024\/08\/B_modra_trans-e1725007190783.png 1104w\" data-sizes=\"auto\" data-orig-sizes=\"(max-width: 1000px) 100vw, (max-width: 640px) 100vw, 800px\" \/><\/span><\/div><div class=\"fusion-separator fusion-full-width-sep\" style=\"align-self: center;margin-left: auto;margin-right: auto;margin-top:20px;width:100%;\"><\/div><div class=\"fusion-title title fusion-title-1 fusion-sep-none fusion-title-center fusion-title-text fusion-title-size-one\" style=\"--awb-text-color:var(--awb-color6);--awb-margin-top:15px;--awb-margin-top-small:0px;--awb-margin-right-small:0px;--awb-margin-bottom-small:20px;--awb-margin-left-small:0px;\"><h1 class=\"fusion-title-heading title-heading-center fusion-responsive-typography-calculated\" style=\"margin:0;text-transform:uppercase;--fontSize:117.9;line-height:var(--awb-typography1-line-height);\">vizija<\/h1><\/div><i class=\"fb-icon-element-1 fb-icon-element fontawesome-icon awb-sports-ellipsis-h circle-no\" style=\"--awb-iconcolor:var(--awb-custom_color_4);--awb-iconcolor-hover:var(--awb-color5);--awb-font-size:14px;--awb-align-self:center;--awb-margin-top:0px;--awb-margin-right:0px;--awb-margin-bottom:25px;--awb-margin-left:0px;\"><\/i><div class=\"fusion-text fusion-text-1\"><p style=\"text-align: center;\"><span style=\"font-size: 30px;\" data-fusion-font=\"true\">Sr(e)\u010dni in uspe\u0161ni posamezniki, \u0161portniki, ki \u017eivimo svoje sanje, izkazujemo maksimalni potencial ter s svojo edinstvenostjo doprina\u0161amo skupnosti v kateri delujemo ter dru\u017ebi v kateri \u017eivimo.<\/span><\/p>\n<\/div><\/div><\/div><\/div><\/div>","protected":false},"excerpt":{"rendered":"","protected":false},"author":1,"featured_media":0,"parent":1432,"menu_order":0,"comment_status":"closed","ping_status":"closed","template":"100-width.php","meta":{"footnotes":""},"class_list":["post-1687","page","type-page","status-publish","hentry"],"yoast_head":"<!-- This site is optimized with the Yoast SEO plugin v27.4 - https:\/\/yoast.com\/product\/yoast-seo-wordpress\/ -->\n<title>VIZIJA - TIBIT<\/title>\n<meta name=\"robots\" content=\"index, follow, max-snippet:-1, max-image-preview:large, max-video-preview:-1\" \/>\n<link rel=\"canonical\" href=\"https:\/\/tibit.si\/en\/tibit\/vizija\/\" \/>\n<meta property=\"og:locale\" content=\"en_US\" \/>\n<meta property=\"og:type\" content=\"article\" \/>\n<meta property=\"og:title\" content=\"VIZIJA - TIBIT\" \/>\n<meta property=\"og:url\" content=\"https:\/\/tibit.si\/en\/tibit\/vizija\/\" \/>\n<meta property=\"og:site_name\" content=\"TIBIT\" \/>\n<meta name=\"twitter:card\" content=\"summary_large_image\" \/>\n<meta name=\"twitter:label1\" content=\"Est. reading time\" \/>\n\t<meta name=\"twitter:data1\" content=\"1 minute\" \/>\n<script type=\"application\/ld+json\" class=\"yoast-schema-graph\">{\"@context\":\"https:\\\/\\\/schema.org\",\"@graph\":[{\"@type\":\"WebPage\",\"@id\":\"https:\\\/\\\/tibit.si\\\/tibit\\\/vizija\\\/\",\"url\":\"https:\\\/\\\/tibit.si\\\/tibit\\\/vizija\\\/\",\"name\":\"VIZIJA - TIBIT\",\"isPartOf\":{\"@id\":\"https:\\\/\\\/tibit.si\\\/#website\"},\"datePublished\":\"2024-09-15T15:22:12+00:00\",\"breadcrumb\":{\"@id\":\"https:\\\/\\\/tibit.si\\\/tibit\\\/vizija\\\/#breadcrumb\"},\"inLanguage\":\"en-US\",\"potentialAction\":[{\"@type\":\"ReadAction\",\"target\":[\"https:\\\/\\\/tibit.si\\\/tibit\\\/vizija\\\/\"]}]},{\"@type\":\"BreadcrumbList\",\"@id\":\"https:\\\/\\\/tibit.si\\\/tibit\\\/vizija\\\/#breadcrumb\",\"itemListElement\":[{\"@type\":\"ListItem\",\"position\":1,\"name\":\"Home\",\"item\":\"https:\\\/\\\/tibit.si\\\/\"},{\"@type\":\"ListItem\",\"position\":2,\"name\":\"O TI8IT\",\"item\":\"https:\\\/\\\/tibit.si\\\/en\\\/tibit\\\/\"},{\"@type\":\"ListItem\",\"position\":3,\"name\":\"VIZIJA\"}]},{\"@type\":\"WebSite\",\"@id\":\"https:\\\/\\\/tibit.si\\\/#website\",\"url\":\"https:\\\/\\\/tibit.si\\\/\",\"name\":\"TIBIT\",\"description\":\"Ti si bit!\",\"potentialAction\":[{\"@type\":\"SearchAction\",\"target\":{\"@type\":\"EntryPoint\",\"urlTemplate\":\"https:\\\/\\\/tibit.si\\\/?s={search_term_string}\"},\"query-input\":{\"@type\":\"PropertyValueSpecification\",\"valueRequired\":true,\"valueName\":\"search_term_string\"}}],\"inLanguage\":\"en-US\"}]}<\/script>\n<!-- \/ Yoast SEO plugin. -->","yoast_head_json":{"title":"VIZIJA - TIBIT","robots":{"index":"index","follow":"follow","max-snippet":"max-snippet:-1","max-image-preview":"max-image-preview:large","max-video-preview":"max-video-preview:-1"},"canonical":"https:\/\/tibit.si\/en\/tibit\/vizija\/","og_locale":"en_US","og_type":"article","og_title":"VIZIJA - TIBIT","og_url":"https:\/\/tibit.si\/en\/tibit\/vizija\/","og_site_name":"TIBIT","twitter_card":"summary_large_image","twitter_misc":{"Est. reading time":"1 minute"},"schema":{"@context":"https:\/\/schema.org","@graph":[{"@type":"WebPage","@id":"https:\/\/tibit.si\/tibit\/vizija\/","url":"https:\/\/tibit.si\/tibit\/vizija\/","name":"VIZIJA - TIBIT","isPartOf":{"@id":"https:\/\/tibit.si\/#website"},"datePublished":"2024-09-15T15:22:12+00:00","breadcrumb":{"@id":"https:\/\/tibit.si\/tibit\/vizija\/#breadcrumb"},"inLanguage":"en-US","potentialAction":[{"@type":"ReadAction","target":["https:\/\/tibit.si\/tibit\/vizija\/"]}]},{"@type":"BreadcrumbList","@id":"https:\/\/tibit.si\/tibit\/vizija\/#breadcrumb","itemListElement":[{"@type":"ListItem","position":1,"name":"Home","item":"https:\/\/tibit.si\/"},{"@type":"ListItem","position":2,"name":"O TI8IT","item":"https:\/\/tibit.si\/en\/tibit\/"},{"@type":"ListItem","position":3,"name":"VIZIJA"}]},{"@type":"WebSite","@id":"https:\/\/tibit.si\/#website","url":"https:\/\/tibit.si\/","name":"TIBIT","description":"Ti si bit!","potentialAction":[{"@type":"SearchAction","target":{"@type":"EntryPoint","urlTemplate":"https:\/\/tibit.si\/?s={search_term_string}"},"query-input":{"@type":"PropertyValueSpecification","valueRequired":true,"valueName":"search_term_string"}}],"inLanguage":"en-US"}]}},"jetpack_sharing_enabled":true,"_links":{"self":[{"href":"https:\/\/tibit.si\/en\/wp-json\/wp\/v2\/pages\/1687","targetHints":{"allow":["GET"]}}],"collection":[{"href":"https:\/\/tibit.si\/en\/wp-json\/wp\/v2\/pages"}],"about":[{"href":"https:\/\/tibit.si\/en\/wp-json\/wp\/v2\/types\/page"}],"author":[{"embeddable":true,"href":"https:\/\/tibit.si\/en\/wp-json\/wp\/v2\/users\/1"}],"replies":[{"embeddable":true,"href":"https:\/\/tibit.si\/en\/wp-json\/wp\/v2\/comments?post=1687"}],"version-history":[{"count":4,"href":"https:\/\/tibit.si\/en\/wp-json\/wp\/v2\/pages\/1687\/revisions"}],"predecessor-version":[{"id":1692,"href":"https:\/\/tibit.si\/en\/wp-json\/wp\/v2\/pages\/1687\/revisions\/1692"}],"up":[{"embeddable":true,"href":"https:\/\/tibit.si\/en\/wp-json\/wp\/v2\/pages\/1432"}],"wp:attachment":[{"href":"https:\/\/tibit.si\/en\/wp-json\/wp\/v2\/media?parent=1687"}],"curies":[{"name":"wp","href":"https:\/\/api.w.org\/{rel}","templated":true}]}}